{"id":3812,"date":"2024-03-16T22:44:48","date_gmt":"2024-03-16T22:44:48","guid":{"rendered":"https:\/\/kdbcoaching.com\/stageing\/?page_id=3812"},"modified":"2024-03-16T23:10:25","modified_gmt":"2024-03-16T23:10:25","slug":"certified-professional-resume-writer","status":"publish","type":"page","link":"https:\/\/kdbcoaching.com\/stageing\/certified-professional-resume-writer\/","title":{"rendered":"Resumes"},"content":{"rendered":"\t\t<div data-elementor-type=\"wp-page\" data-elementor-id=\"3812\" class=\"elementor elementor-3812\" data-elementor-post-type=\"page\">\n\t\t\t\t\t\t<section class=\"elementor-section elementor-top-section elementor-element elementor-element-133d4f0 elementor-section-boxed elementor-section-height-default elementor-section-height-default\" data-id=\"133d4f0\" data-element_type=\"section\">\n\t\t\t\t\t\t<div class=\"elementor-container elementor-column-gap-default\">\n\t\t\t\t\t<div class=\"elementor-column elementor-col-100 elementor-top-column elementor-element elementor-element-b531190\" data-id=\"b531190\" data-element_type=\"column\">\n\t\t\t<div class=\"elementor-widget-wrap elementor-element-populated\">\n\t\t\t\t\t\t<div class=\"elementor-element elementor-element-3258927 elementor-widget elementor-widget-image\" data-id=\"3258927\" data-element_type=\"widget\" data-widget_type=\"image.default\">\n\t\t\t\t<div class=\"elementor-widget-container\">\n\t\t\t<style>\/*! elementor - v3.21.0 - 26-05-2024 *\/\n.elementor-widget-image{text-align:center}.elementor-widget-image a{display:inline-block}.elementor-widget-image a img[src$=\".svg\"]{width:48px}.elementor-widget-image img{vertical-align:middle;display:inline-block}<\/style>\t\t\t\t\t\t\t\t\t\t<img decoding=\"async\" src=\"https:\/\/kdbcoaching.com\/stageing\/wp-content\/uploads\/elementor\/thumbs\/Resume-Header-Website-qlbetx9zu0uvcfs049xb8xorkhzbsqa3u9fy3v7hjc.png\" title=\"Resume Writing KDB Coaching\" alt=\"Resume Writing, Certified Professional Resume Writer, KDB Coaching\" loading=\"lazy\" \/>\t\t\t\t\t\t\t\t\t\t\t\t\t<\/div>\n\t\t\t\t<\/div>\n\t\t\t\t\t<\/div>\n\t\t<\/div>\n\t\t\t\t\t<\/div>\n\t\t<\/section>\n\t\t\t\t<section class=\"elementor-section elementor-top-section elementor-element elementor-element-67b3ceb elementor-section-boxed elementor-section-height-default elementor-section-height-default\" data-id=\"67b3ceb\" data-element_type=\"section\">\n\t\t\t\t\t\t<div class=\"elementor-container elementor-column-gap-default\">\n\t\t\t\t\t<div class=\"elementor-column elementor-col-100 elementor-top-column elementor-element elementor-element-8398ce5\" data-id=\"8398ce5\" data-element_type=\"column\">\n\t\t\t<div class=\"elementor-widget-wrap elementor-element-populated\">\n\t\t\t\t\t\t<div class=\"elementor-element elementor-element-2fcbd59 elementor-widget elementor-widget-heading\" data-id=\"2fcbd59\" data-element_type=\"widget\" data-widget_type=\"heading.default\">\n\t\t\t\t<div class=\"elementor-widget-container\">\n\t\t\t<style>\/*! elementor - v3.21.0 - 26-05-2024 *\/\n.elementor-heading-title{padding:0;margin:0;line-height:1}.elementor-widget-heading .elementor-heading-title[class*=elementor-size-]>a{color:inherit;font-size:inherit;line-height:inherit}.elementor-widget-heading .elementor-heading-title.elementor-size-small{font-size:15px}.elementor-widget-heading .elementor-heading-title.elementor-size-medium{font-size:19px}.elementor-widget-heading .elementor-heading-title.elementor-size-large{font-size:29px}.elementor-widget-heading .elementor-heading-title.elementor-size-xl{font-size:39px}.elementor-widget-heading .elementor-heading-title.elementor-size-xxl{font-size:59px}<\/style><h2 class=\"elementor-heading-title elementor-size-default\">R\u00e9sum\u00e9 Writing & Career Story Development<br>Kris Drobocky Baitoo, CPRW<\/h2>\t\t<\/div>\n\t\t\t\t<\/div>\n\t\t\t\t\t<\/div>\n\t\t<\/div>\n\t\t\t\t\t<\/div>\n\t\t<\/section>\n\t\t\t\t<section class=\"elementor-section elementor-top-section elementor-element elementor-element-d85d6a0 elementor-section-boxed elementor-section-height-default elementor-section-height-default\" data-id=\"d85d6a0\" data-element_type=\"section\">\n\t\t\t\t\t\t<div class=\"elementor-container elementor-column-gap-default\">\n\t\t\t\t\t<div class=\"elementor-column elementor-col-100 elementor-top-column elementor-element elementor-element-43c367c\" data-id=\"43c367c\" data-element_type=\"column\">\n\t\t\t<div class=\"elementor-widget-wrap elementor-element-populated\">\n\t\t\t\t\t\t<div class=\"elementor-element elementor-element-98f3cd1 elementor-widget elementor-widget-text-editor\" data-id=\"98f3cd1\" data-element_type=\"widget\" data-widget_type=\"text-editor.default\">\n\t\t\t\t<div class=\"elementor-widget-container\">\n\t\t\t<style>\/*! elementor - v3.21.0 - 26-05-2024 *\/\n.elementor-widget-text-editor.elementor-drop-cap-view-stacked .elementor-drop-cap{background-color:#69727d;color:#fff}.elementor-widget-text-editor.elementor-drop-cap-view-framed .elementor-drop-cap{color:#69727d;border:3px solid;background-color:transparent}.elementor-widget-text-editor:not(.elementor-drop-cap-view-default) .elementor-drop-cap{margin-top:8px}.elementor-widget-text-editor:not(.elementor-drop-cap-view-default) .elementor-drop-cap-letter{width:1em;height:1em}.elementor-widget-text-editor .elementor-drop-cap{float:left;text-align:center;line-height:1;font-size:50px}.elementor-widget-text-editor .elementor-drop-cap-letter{display:inline-block}<\/style>\t\t\t\t<hr \/>\n<h3>\u00a0<\/h3>\n<h3>Elevate Your Career Story with KDB Coaching&#8217;s Custom R\u00e9sum\u00e9 Services<\/h3>\n<p>In a competitive job market, your r\u00e9sum\u00e9 is more than a document\u2014it&#8217;s the key to unlocking new opportunities. It&#8217;s your career story, your brand, and the first impression you make on recruiters and hiring managers. At KDB Coaching, Certified Professional R\u00e9sum\u00e9 Writer Kris Drobocky Baitoo offers personalized r\u00e9sum\u00e9 writing services tailored to your unique journey, ensuring your r\u00e9sum\u00e9 not only stands out but speaks volumes about your capabilities and achievements.<\/p>\n<h3>Our R\u00e9sum\u00e9 Writing Process: A Journey to Success<\/h3>\n<p><strong>Initial Consultation<\/strong>: Your path with KDB Coaching begins with a complimentary 30-minute consultation. This initial meeting is crucial for us to understand your career goals, evaluate your current r\u00e9sum\u00e9, and discuss how we can collaborate to craft a document that truly represents you.<\/p>\n<p><strong>R\u00e9sum\u00e9 Strategy Development<\/strong>: Together, we&#8217;ll navigate through the intricacies of r\u00e9sum\u00e9 writing, from deciding the optimal length and format to addressing employment gaps and showcasing your contracting or consulting experience. Our goal is to create a r\u00e9sum\u00e9 that overcomes the hurdles of ATS parsing and captures the attention of recruiters and hiring managers within seconds.<\/p>\n<p><strong>Personalized R\u00e9sum\u00e9 Interview<\/strong>: Engage in a detailed r\u00e9sum\u00e9 interview where we delve into your career history, using your existing r\u00e9sum\u00e9, cover letter, and LinkedIn profile as guides. This process helps us to unearth and articulate your unique career story, setting the stage for a r\u00e9sum\u00e9 that demonstrates your value as a potential asset to any team.<\/p>\n<p><strong>In-depth DISC Assessment<\/strong>: To ensure your r\u00e9sum\u00e9 resonates with your personal voice and strengths, we incorporate a DISC assessment tailored for r\u00e9sum\u00e9 and interview coaching. This behavioral assessment tool provides insights into your personality traits, enhancing the r\u00e9sum\u00e9 writing process and ensuring your document reflects your authentic self.<\/p>\n<h3>Crafting Your Custom R\u00e9sum\u00e9<\/h3>\n<p>Each r\u00e9sum\u00e9 we create starts from a blank canvas, specifically tailored to you. No templates, no cookie-cutter approaches\u2014just a customized document that highlights your achievements, skills, and the value you bring. From showcasing measurable results to integrating the powerful STAR format, we focus on crafting action statements that position you a step ahead in the application process.<\/p>\n<h3>The Results: Transforming Job Searches into Job Offers<\/h3>\n<p>Our clients typically experience a significant increase in interview requests, surpassing the average application-to-interview ratios. By focusing on securing interviews, our custom r\u00e9sum\u00e9s serve as a bridge to opportunities, not just a submission in the job application process.<\/p>\n<h3>Addressing Common Misconceptions<\/h3>\n<p>It&#8217;s important to remember that there is no &#8220;perfect&#8221; r\u00e9sum\u00e9 to beat the ATS system. The ultimate goal is to create a document that is easily accessible and readable by both the ATS and, more importantly, the human recruiters and hiring managers. Our r\u00e9sum\u00e9s are designed with this dual focus in mind, ensuring that your career story is compelling from the first glance.<\/p>\n<h3>Ready to Begin Your Journey?<\/h3>\n<p>If you&#8217;re ready to take your job search to the next level with a r\u00e9sum\u00e9 that truly represents your career story and achievements, contact KDB Coaching for a consultation today. Let&#8217;s craft a document that opens doors and propels your career forward.<\/p>\t\t\t\t\t\t<\/div>\n\t\t\t\t<\/div>\n\t\t\t\t\t<\/div>\n\t\t<\/div>\n\t\t\t\t\t<\/div>\n\t\t<\/section>\n\t\t\t\t<section class=\"elementor-section elementor-top-section elementor-element elementor-element-c37f32d elementor-section-boxed elementor-section-height-default elementor-section-height-default\" data-id=\"c37f32d\" data-element_type=\"section\">\n\t\t\t\t\t\t<div class=\"elementor-container elementor-column-gap-default\">\n\t\t\t\t\t<div class=\"elementor-column elementor-col-100 elementor-top-column elementor-element elementor-element-6eaeeaa\" data-id=\"6eaeeaa\" data-element_type=\"column\">\n\t\t\t<div class=\"elementor-widget-wrap elementor-element-populated\">\n\t\t\t\t\t\t<div class=\"elementor-element elementor-element-87597d9 elementor-align-center elementor-widget elementor-widget-button\" data-id=\"87597d9\" data-element_type=\"widget\" data-widget_type=\"button.default\">\n\t\t\t\t<div class=\"elementor-widget-container\">\n\t\t\t\t\t<div class=\"elementor-button-wrapper\">\n\t\t\t<a class=\"elementor-button elementor-button-link elementor-size-sm\" href=\"\">\n\t\t\t\t\t\t<span class=\"elementor-button-content-wrapper\">\n\t\t\t\t\t\t\t\t\t<span class=\"elementor-button-text\">Learn More About Resume Writing Solutions<\/span>\n\t\t\t\t\t<\/span>\n\t\t\t\t\t<\/a>\n\t\t<\/div>\n\t\t\t\t<\/div>\n\t\t\t\t<\/div>\n\t\t\t\t\t<\/div>\n\t\t<\/div>\n\t\t\t\t\t<\/div>\n\t\t<\/section>\n\t\t\t\t<section class=\"elementor-section elementor-top-section elementor-element elementor-element-20b2d10 elementor-section-boxed elementor-section-height-default elementor-section-height-default\" data-id=\"20b2d10\" data-element_type=\"section\">\n\t\t\t\t\t\t<div class=\"elementor-container elementor-column-gap-default\">\n\t\t\t\t\t<div class=\"elementor-column elementor-col-100 elementor-top-column elementor-element elementor-element-429a691\" data-id=\"429a691\" data-element_type=\"column\">\n\t\t\t<div class=\"elementor-widget-wrap elementor-element-populated\">\n\t\t\t\t\t\t<div class=\"elementor-element elementor-element-10f37bc elementor-widget-divider--view-line elementor-widget elementor-widget-divider\" data-id=\"10f37bc\" data-element_type=\"widget\" data-widget_type=\"divider.default\">\n\t\t\t\t<div class=\"elementor-widget-container\">\n\t\t\t<style>\/*! elementor - v3.21.0 - 26-05-2024 *\/\n.elementor-widget-divider{--divider-border-style:none;--divider-border-width:1px;--divider-color:#0c0d0e;--divider-icon-size:20px;--divider-element-spacing:10px;--divider-pattern-height:24px;--divider-pattern-size:20px;--divider-pattern-url:none;--divider-pattern-repeat:repeat-x}.elementor-widget-divider .elementor-divider{display:flex}.elementor-widget-divider .elementor-divider__text{font-size:15px;line-height:1;max-width:95%}.elementor-widget-divider .elementor-divider__element{margin:0 var(--divider-element-spacing);flex-shrink:0}.elementor-widget-divider .elementor-icon{font-size:var(--divider-icon-size)}.elementor-widget-divider .elementor-divider-separator{display:flex;margin:0;direction:ltr}.elementor-widget-divider--view-line_icon .elementor-divider-separator,.elementor-widget-divider--view-line_text .elementor-divider-separator{align-items:center}.elementor-widget-divider--view-line_icon .elementor-divider-separator:after,.elementor-widget-divider--view-line_icon .elementor-divider-separator:before,.elementor-widget-divider--view-line_text .elementor-divider-separator:after,.elementor-widget-divider--view-line_text .elementor-divider-separator:before{display:block;content:\"\";border-block-end:0;flex-grow:1;border-block-start:var(--divider-border-width) var(--divider-border-style) var(--divider-color)}.elementor-widget-divider--element-align-left .elementor-divider .elementor-divider-separator>.elementor-divider__svg:first-of-type{flex-grow:0;flex-shrink:100}.elementor-widget-divider--element-align-left .elementor-divider-separator:before{content:none}.elementor-widget-divider--element-align-left .elementor-divider__element{margin-left:0}.elementor-widget-divider--element-align-right .elementor-divider .elementor-divider-separator>.elementor-divider__svg:last-of-type{flex-grow:0;flex-shrink:100}.elementor-widget-divider--element-align-right .elementor-divider-separator:after{content:none}.elementor-widget-divider--element-align-right .elementor-divider__element{margin-right:0}.elementor-widget-divider--element-align-start .elementor-divider .elementor-divider-separator>.elementor-divider__svg:first-of-type{flex-grow:0;flex-shrink:100}.elementor-widget-divider--element-align-start .elementor-divider-separator:before{content:none}.elementor-widget-divider--element-align-start .elementor-divider__element{margin-inline-start:0}.elementor-widget-divider--element-align-end .elementor-divider .elementor-divider-separator>.elementor-divider__svg:last-of-type{flex-grow:0;flex-shrink:100}.elementor-widget-divider--element-align-end .elementor-divider-separator:after{content:none}.elementor-widget-divider--element-align-end .elementor-divider__element{margin-inline-end:0}.elementor-widget-divider:not(.elementor-widget-divider--view-line_text):not(.elementor-widget-divider--view-line_icon) .elementor-divider-separator{border-block-start:var(--divider-border-width) var(--divider-border-style) var(--divider-color)}.elementor-widget-divider--separator-type-pattern{--divider-border-style:none}.elementor-widget-divider--separator-type-pattern.elementor-widget-divider--view-line .elementor-divider-separator,.elementor-widget-divider--separator-type-pattern:not(.elementor-widget-divider--view-line) .elementor-divider-separator:after,.elementor-widget-divider--separator-type-pattern:not(.elementor-widget-divider--view-line) .elementor-divider-separator:before,.elementor-widget-divider--separator-type-pattern:not([class*=elementor-widget-divider--view]) .elementor-divider-separator{width:100%;min-height:var(--divider-pattern-height);-webkit-mask-size:var(--divider-pattern-size) 100%;mask-size:var(--divider-pattern-size) 100%;-webkit-mask-repeat:var(--divider-pattern-repeat);mask-repeat:var(--divider-pattern-repeat);background-color:var(--divider-color);-webkit-mask-image:var(--divider-pattern-url);mask-image:var(--divider-pattern-url)}.elementor-widget-divider--no-spacing{--divider-pattern-size:auto}.elementor-widget-divider--bg-round{--divider-pattern-repeat:round}.rtl .elementor-widget-divider .elementor-divider__text{direction:rtl}.e-con-inner>.elementor-widget-divider,.e-con>.elementor-widget-divider{width:var(--container-widget-width,100%);--flex-grow:var(--container-widget-flex-grow)}<\/style>\t\t<div class=\"elementor-divider\">\n\t\t\t<span class=\"elementor-divider-separator\">\n\t\t\t\t\t\t<\/span>\n\t\t<\/div>\n\t\t\t\t<\/div>\n\t\t\t\t<\/div>\n\t\t\t\t\t<\/div>\n\t\t<\/div>\n\t\t\t\t\t<\/div>\n\t\t<\/section>\n\t\t\t\t<section class=\"elementor-section elementor-top-section elementor-element elementor-element-456a1fe elementor-section-boxed elementor-section-height-default elementor-section-height-default\" data-id=\"456a1fe\" data-element_type=\"section\" data-settings=\"{&quot;background_background&quot;:&quot;classic&quot;}\">\n\t\t\t\t\t\t<div class=\"elementor-container elementor-column-gap-default\">\n\t\t\t\t\t<div class=\"elementor-column elementor-col-100 elementor-top-column elementor-element elementor-element-0613206\" data-id=\"0613206\" data-element_type=\"column\">\n\t\t\t<div class=\"elementor-widget-wrap elementor-element-populated\">\n\t\t\t\t\t\t<div class=\"elementor-element elementor-element-e9541b4 elementor-widget elementor-widget-text-editor\" data-id=\"e9541b4\" data-element_type=\"widget\" data-widget_type=\"text-editor.default\">\n\t\t\t\t<div class=\"elementor-widget-container\">\n\t\t\t\t\t\t\t<h3 class=\"wp-block-image alignleft size-medium is-resized is-style-rounded\" style=\"text-align: center;\"><em><strong><span style=\"font-size: 16px;\">\u00a0 \u00a0 \u00a0 \u00a0 \u00a0 \u00a0 \u00a0 \u00a0 \u00a0 \u00a0Kris Drobocky Baitoo is a Certified Professional Resume Writer and has been recognized for excellence by the Professional Association of Resume Writers and Career Coaches through the <a href=\"https:\/\/www.linkedin.com\/feed\/update\/urn:li:activity:7064245615563587584\/\">Elite Circle Resume Contest<\/a>.<\/span><\/strong><\/em><\/h3>\n<p style=\"text-align: center;\"><a href=\"https:\/\/kdbcoaching.com\/stageing\/wp-content\/uploads\/2022\/01\/logo-1.png\"><img decoding=\"async\" class=\"size-full wp-image-1979 aligncenter\" src=\"https:\/\/kdbcoaching.com\/stageing\/wp-content\/uploads\/2022\/01\/logo-1.png\" alt=\"\" width=\"216\" height=\"199\" \/><\/a><\/p>\n<p><strong><!-- \/wp:paragraph --><!-- wp:image {\"align\":\"center\",\"id\":1468,\"sizeSlug\":\"large\",\"linkDestination\":\"media\"} --><\/strong><\/p>\n<figure class=\"wp-block-image aligncenter size-large\"><\/figure>\t\t\t\t\t\t<\/div>\n\t\t\t\t<\/div>\n\t\t\t\t\t<\/div>\n\t\t<\/div>\n\t\t\t\t\t<\/div>\n\t\t<\/section>\n\t\t\t\t<section class=\"elementor-section elementor-top-section elementor-element elementor-element-ecc4e49 elementor-section-boxed elementor-section-height-default elementor-section-height-default\" data-id=\"ecc4e49\" data-element_type=\"section\">\n\t\t\t\t\t\t<div class=\"elementor-container elementor-column-gap-default\">\n\t\t\t\t\t<div class=\"elementor-column elementor-col-100 elementor-top-column elementor-element elementor-element-c94dc66\" data-id=\"c94dc66\" data-element_type=\"column\">\n\t\t\t<div class=\"elementor-widget-wrap elementor-element-populated\">\n\t\t\t\t\t\t<div class=\"elementor-element elementor-element-79deebf elementor-widget-divider--view-line elementor-widget elementor-widget-divider\" data-id=\"79deebf\" data-element_type=\"widget\" data-widget_type=\"divider.default\">\n\t\t\t\t<div class=\"elementor-widget-container\">\n\t\t\t\t\t<div class=\"elementor-divider\">\n\t\t\t<span class=\"elementor-divider-separator\">\n\t\t\t\t\t\t<\/span>\n\t\t<\/div>\n\t\t\t\t<\/div>\n\t\t\t\t<\/div>\n\t\t\t\t\t<\/div>\n\t\t<\/div>\n\t\t\t\t\t<\/div>\n\t\t<\/section>\n\t\t\t\t<section class=\"elementor-section elementor-top-section elementor-element elementor-element-265ca276 elementor-section-boxed elementor-section-height-default elementor-section-height-default\" data-id=\"265ca276\" data-element_type=\"section\">\n\t\t\t\t\t\t<div class=\"elementor-container elementor-column-gap-default\">\n\t\t\t\t\t<div class=\"elementor-column elementor-col-100 elementor-top-column elementor-element elementor-element-4d676a03\" data-id=\"4d676a03\" data-element_type=\"column\">\n\t\t\t<div class=\"elementor-widget-wrap elementor-element-populated\">\n\t\t\t\t\t\t<div class=\"elementor-element elementor-element-7ed64b46 elementor-widget elementor-widget-text-editor\" data-id=\"7ed64b46\" data-element_type=\"widget\" data-widget_type=\"text-editor.default\">\n\t\t\t\t<div class=\"elementor-widget-container\">\n\t\t\t\t\t\t\t<!-- wp:image {\"align\":\"left\",\"id\":1492,\"width\":221,\"height\":221,\"sizeSlug\":\"medium\",\"linkDestination\":\"media\",\"className\":\"is-style-rounded\"} -->\n<p><strong><!-- \/wp:paragraph --><!-- wp:image {\"align\":\"center\",\"id\":1468,\"sizeSlug\":\"large\",\"linkDestination\":\"media\"} --><\/strong><\/p>\n<!-- \/wp:buttons --><!-- wp:spacer --><!-- \/wp:spacer --><!-- wp:heading {\"textAlign\":\"center\",\"style\":{\"typography\":{\"fontSize\":\"34px\"}}} -->\n<h2 id=\"what-clients-are-saying\" class=\"wp-block-heading has-text-align-center\" style=\"font-size: 34px;\">What Clients are Saying<\/h2>\n<!-- \/wp:heading --><!-- wp:spacer {\"height\":\"10px\"} -->\n<div class=\"wp-block-spacer\" style=\"height: 10px;\" aria-hidden=\"true\">\u00a0<\/div>\n<!-- \/wp:spacer --><!-- wp:quote -->\n<blockquote class=\"wp-block-quote\"><!-- wp:paragraph -->\n<p><strong>&#8220;With both my LinkedIn profile and r\u00e9sum\u00e9 updated, I feel much more confident searching for jobs.&#8221;<\/strong><\/p>\n<!-- \/wp:paragraph --><!-- wp:paragraph -->\n<p>After the success of a well-written r\u00e9sum\u00e9, I had Kris take a go on my LinkedIn profile. It was sparse, poorly written, and I felt it didn&#8217;t represent me. She didn&#8217;t just rewrite my r\u00e9sum\u00e9, she tailored it for social media. With both my LinkedIn profile and r\u00e9sum\u00e9 updated, I feel much more confident searching for jobs. To summarize Kris: professional, honest, great business ethics, great writer!<\/p>\n<!-- \/wp:paragraph --><cite>Michael G., Yelp Review<\/cite><\/blockquote>\n<!-- \/wp:quote --><!-- wp:buttons {\"layout\":{\"type\":\"flex\",\"justifyContent\":\"center\",\"orientation\":\"horizontal\"}} -->\n<div class=\"wp-block-buttons\"><!-- wp:button -->\n<div class=\"wp-block-button\"><a class=\"wp-block-button__link wp-element-button\" href=\"\/about-kdb-coaching\/#reviews\">See More Reviews<\/a><\/div>\n<!-- \/wp:button --><!-- wp:button -->\n<div class=\"wp-block-button\"><a class=\"wp-block-button__link wp-element-button\" href=\"https:\/\/calendly.com\/kdbcoaching\/new-client-consultation?month=2022-01\" target=\"_blank\" rel=\"noreferrer noopener\">Schedule a Consultation<\/a><\/div>\n<!-- \/wp:button --><\/div>\n<!-- \/wp:buttons -->\t\t\t\t\t\t<\/div>\n\t\t\t\t<\/div>\n\t\t\t\t\t<\/div>\n\t\t<\/div>\n\t\t\t\t\t<\/div>\n\t\t<\/section>\n\t\t\t\t<\/div>\n\t\t","protected":false},"excerpt":{"rendered":"<p>R\u00e9sum\u00e9 Writing &#038; Career Story DevelopmentKris Drobocky Baitoo, CPRW \u00a0 Elevate Your Career Story with KDB Coaching&#8217;s Custom R\u00e9sum\u00e9 Services In a competitive job market, your r\u00e9sum\u00e9 is more than a document\u2014it&#8217;s the key to unlocking new opportunities. It&#8217;s your career story, your brand, and the first impression you make on recruiters and hiring managers. [&hellip;]<\/p>\n","protected":false},"author":1,"featured_media":0,"parent":0,"menu_order":0,"comment_status":"closed","ping_status":"closed","template":"","meta":{"_exactmetrics_skip_tracking":false,"_exactmetrics_sitenote_active":false,"_exactmetrics_sitenote_note":"","_exactmetrics_sitenote_category":0,"site-sidebar-layout":"default","site-content-layout":"default","ast-site-content-layout":"default","site-content-style":"default","site-sidebar-style":"default","ast-global-header-display":"","ast-banner-title-visibility":"","ast-main-header-display":"","ast-hfb-above-header-display":"","ast-hfb-below-header-display":"","ast-hfb-mobile-header-display":"","site-post-title":"disabled","ast-breadcrumbs-content":"","ast-featured-img":"","footer-sml-layout":"","theme-transparent-header-meta":"default","adv-header-id-meta":"","stick-header-meta":"default","header-above-stick-meta":"","header-main-stick-meta":"","header-below-stick-meta":"","astra-migrate-meta-layouts":"set","ast-page-background-enabled":"default","ast-page-background-meta":{"desktop":{"background-color":"","background-image":"","background-repeat":"repeat","background-position":"center center","background-size":"auto","background-attachment":"scroll","background-type":"","background-media":"","overlay-type":"","overlay-color":"","overlay-gradient":""},"tablet":{"background-color":"","background-image":"","background-repeat":"repeat","background-position":"center center","background-size":"auto","background-attachment":"scroll","background-type":"","background-media":"","overlay-type":"","overlay-color":"","overlay-gradient":""},"mobile":{"background-color":"","background-image":"","background-repeat":"repeat","background-position":"center center","background-size":"auto","background-attachment":"scroll","background-type":"","background-media":"","overlay-type":"","overlay-color":"","overlay-gradient":""}},"ast-content-background-meta":{"desktop":{"background-color":"var(--ast-global-color-5)","background-image":"","background-repeat":"repeat","background-position":"center center","background-size":"auto","background-attachment":"scroll","background-type":"","background-media":"","overlay-type":"","overlay-color":"","overlay-gradient":""},"tablet":{"background-color":"var(--ast-global-color-5)","background-image":"","background-repeat":"repeat","background-position":"center center","background-size":"auto","background-attachment":"scroll","background-type":"","background-media":"","overlay-type":"","overlay-color":"","overlay-gradient":""},"mobile":{"background-color":"var(--ast-global-color-5)","background-image":"","background-repeat":"repeat","background-position":"center center","background-size":"auto","background-attachment":"scroll","background-type":"","background-media":"","overlay-type":"","overlay-color":"","overlay-gradient":""}},"footnotes":""},"yst_prominent_words":[18,16,25,14],"_links":{"self":[{"href":"https:\/\/kdbcoaching.com\/stageing\/wp-json\/wp\/v2\/pages\/3812"}],"collection":[{"href":"https:\/\/kdbcoaching.com\/stageing\/wp-json\/wp\/v2\/pages"}],"about":[{"href":"https:\/\/kdbcoaching.com\/stageing\/wp-json\/wp\/v2\/types\/page"}],"author":[{"embeddable":true,"href":"https:\/\/kdbcoaching.com\/stageing\/wp-json\/wp\/v2\/users\/1"}],"replies":[{"embeddable":true,"href":"https:\/\/kdbcoaching.com\/stageing\/wp-json\/wp\/v2\/comments?post=3812"}],"version-history":[{"count":5,"href":"https:\/\/kdbcoaching.com\/stageing\/wp-json\/wp\/v2\/pages\/3812\/revisions"}],"predecessor-version":[{"id":3869,"href":"https:\/\/kdbcoaching.com\/stageing\/wp-json\/wp\/v2\/pages\/3812\/revisions\/3869"}],"wp:attachment":[{"href":"https:\/\/kdbcoaching.com\/stageing\/wp-json\/wp\/v2\/media?parent=3812"}],"wp:term":[{"taxonomy":"yst_prominent_words","embeddable":true,"href":"https:\/\/kdbcoaching.com\/stageing\/wp-json\/wp\/v2\/yst_prominent_words?post=3812"}],"curies":[{"name":"wp","href":"https:\/\/api.w.org\/{rel}","templated":true}]}}