{"id":3729,"date":"2024-02-15T18:39:01","date_gmt":"2024-02-15T18:39:01","guid":{"rendered":"https:\/\/kdbcoaching.com\/stageing\/?page_id=3729"},"modified":"2024-03-16T22:28:05","modified_gmt":"2024-03-16T22:28:05","slug":"linkedin-profile-writing-services","status":"publish","type":"page","link":"https:\/\/kdbcoaching.com\/stageing\/linkedin-profile-writing-services\/","title":{"rendered":"LinkedIn"},"content":{"rendered":"\t\t<div data-elementor-type=\"wp-page\" data-elementor-id=\"3729\" class=\"elementor elementor-3729\" data-elementor-post-type=\"page\">\n\t\t\t\t\t\t<section class=\"elementor-section elementor-top-section elementor-element elementor-element-133d4f0 elementor-section-boxed elementor-section-height-default elementor-section-height-default\" data-id=\"133d4f0\" data-element_type=\"section\">\n\t\t\t\t\t\t<div class=\"elementor-container elementor-column-gap-default\">\n\t\t\t\t\t<div class=\"elementor-column elementor-col-100 elementor-top-column elementor-element elementor-element-b531190\" data-id=\"b531190\" data-element_type=\"column\">\n\t\t\t<div class=\"elementor-widget-wrap elementor-element-populated\">\n\t\t\t\t\t\t<div class=\"elementor-element elementor-element-3258927 elementor-widget elementor-widget-image\" data-id=\"3258927\" data-element_type=\"widget\" data-widget_type=\"image.default\">\n\t\t\t\t<div class=\"elementor-widget-container\">\n\t\t\t<style>\/*! elementor - v3.21.0 - 26-05-2024 *\/\n.elementor-widget-image{text-align:center}.elementor-widget-image a{display:inline-block}.elementor-widget-image a img[src$=\".svg\"]{width:48px}.elementor-widget-image img{vertical-align:middle;display:inline-block}<\/style>\t\t\t\t\t\t\t\t\t\t<img decoding=\"async\" src=\"https:\/\/kdbcoaching.com\/stageing\/wp-content\/uploads\/elementor\/thumbs\/LinkedIn-Header-Website-qlbdzx9fpds4k6on4rqqwgb4tumhhk6xf144ogfclw.png\" title=\"LinkedIn Profile Development Solutions\" alt=\"LinkedIn Services by Kris Drobocky Baitoo and KDB Coaching\" loading=\"lazy\" \/>\t\t\t\t\t\t\t\t\t\t\t\t\t<\/div>\n\t\t\t\t<\/div>\n\t\t\t\t\t<\/div>\n\t\t<\/div>\n\t\t\t\t\t<\/div>\n\t\t<\/section>\n\t\t\t\t<section class=\"elementor-section elementor-top-section elementor-element elementor-element-67b3ceb elementor-section-boxed elementor-section-height-default elementor-section-height-default\" data-id=\"67b3ceb\" data-element_type=\"section\">\n\t\t\t\t\t\t<div class=\"elementor-container elementor-column-gap-default\">\n\t\t\t\t\t<div class=\"elementor-column elementor-col-100 elementor-top-column elementor-element elementor-element-8398ce5\" data-id=\"8398ce5\" data-element_type=\"column\">\n\t\t\t<div class=\"elementor-widget-wrap elementor-element-populated\">\n\t\t\t\t\t\t<div class=\"elementor-element elementor-element-2fcbd59 elementor-widget elementor-widget-heading\" data-id=\"2fcbd59\" data-element_type=\"widget\" data-widget_type=\"heading.default\">\n\t\t\t\t<div class=\"elementor-widget-container\">\n\t\t\t<style>\/*! elementor - v3.21.0 - 26-05-2024 *\/\n.elementor-heading-title{padding:0;margin:0;line-height:1}.elementor-widget-heading .elementor-heading-title[class*=elementor-size-]>a{color:inherit;font-size:inherit;line-height:inherit}.elementor-widget-heading .elementor-heading-title.elementor-size-small{font-size:15px}.elementor-widget-heading .elementor-heading-title.elementor-size-medium{font-size:19px}.elementor-widget-heading .elementor-heading-title.elementor-size-large{font-size:29px}.elementor-widget-heading .elementor-heading-title.elementor-size-xl{font-size:39px}.elementor-widget-heading .elementor-heading-title.elementor-size-xxl{font-size:59px}<\/style><h2 class=\"elementor-heading-title elementor-size-default\">LinkedIn Mastery with KDB Coaching and<br>Kris Drobocky Baitoo, CDCS<\/h2>\t\t<\/div>\n\t\t\t\t<\/div>\n\t\t\t\t\t<\/div>\n\t\t<\/div>\n\t\t\t\t\t<\/div>\n\t\t<\/section>\n\t\t\t\t<section class=\"elementor-section elementor-top-section elementor-element elementor-element-d85d6a0 elementor-section-boxed elementor-section-height-default elementor-section-height-default\" data-id=\"d85d6a0\" data-element_type=\"section\">\n\t\t\t\t\t\t<div class=\"elementor-container elementor-column-gap-default\">\n\t\t\t\t\t<div class=\"elementor-column elementor-col-100 elementor-top-column elementor-element elementor-element-43c367c\" data-id=\"43c367c\" data-element_type=\"column\">\n\t\t\t<div class=\"elementor-widget-wrap elementor-element-populated\">\n\t\t\t\t\t\t<div class=\"elementor-element elementor-element-98f3cd1 elementor-widget elementor-widget-text-editor\" data-id=\"98f3cd1\" data-element_type=\"widget\" data-widget_type=\"text-editor.default\">\n\t\t\t\t<div class=\"elementor-widget-container\">\n\t\t\t<style>\/*! elementor - v3.21.0 - 26-05-2024 *\/\n.elementor-widget-text-editor.elementor-drop-cap-view-stacked .elementor-drop-cap{background-color:#69727d;color:#fff}.elementor-widget-text-editor.elementor-drop-cap-view-framed .elementor-drop-cap{color:#69727d;border:3px solid;background-color:transparent}.elementor-widget-text-editor:not(.elementor-drop-cap-view-default) .elementor-drop-cap{margin-top:8px}.elementor-widget-text-editor:not(.elementor-drop-cap-view-default) .elementor-drop-cap-letter{width:1em;height:1em}.elementor-widget-text-editor .elementor-drop-cap{float:left;text-align:center;line-height:1;font-size:50px}.elementor-widget-text-editor .elementor-drop-cap-letter{display:inline-block}<\/style>\t\t\t\t<p>In a digital age where your online presence is as crucial as your real-world experience, LinkedIn stands out as the premier professional network. With over 200 million users in the United States and 5+ million job opportunities at your fingertips, the question isn&#8217;t if you should be on LinkedIn, but how you can stand out in a sea of professionals. Especially when 87% of recruiters use LinkedIn daily to find their next star candidate.<\/p>\n<p><em><strong>Is your profile leading them to you, or is it inadvertently pointing them towards your competition?<\/strong><\/em><\/p>\n<h3>LinkedIn Training and Profile Development\u00a0<\/h3>\n<p>At KDB Coaching, we understand the pivotal role LinkedIn plays in your career advancement. That&#8217;s why we&#8217;ve meticulously designed our LinkedIn solutions to demystify the platform and turn it into a powerful ally in your job search and career development efforts.<\/p>\n<p><strong>Transform Your LinkedIn Presence<\/strong><\/p>\n<p>We believe that it isn&#8217;t just about having a well-written profile; it&#8217;s about mastering LinkedIn as a dynamic career portfolio that actively draws recruiters, hiring managers, and your network to you. We go beyond the basics, diving deep into what matters most to recruiters and how you can leverage each section of your profile to showcase your skills, achievements, and professional essence.<\/p>\n<p>Kris Drobocky Baitoo is a Certified Digital Career Strategist with the PARWCC. That means that staying on top of algorithm changes, functionality, tools, trends, and how recruiters actually use LinkedIn is something she spends time constantly researching. The platform changes every day; Kris follows the trends, so you don&#8217;t have to.\u00a0<\/p>\n<p><strong>Personalized Training Options<\/strong><\/p>\n<p>Whether you prefer the autonomy of our DIY LinkedIn course or the tailored guidance of one-on-one coaching and done-for-you Profile Development solutions, with Kris, we offer solutions that fit your schedule, needs, and career goals. Our training encompasses:<\/p>\n<ul>\n<li><strong>Navigating LinkedIn<\/strong>: Learn to maneuver through LinkedIn with the ease of a pro, making every click count.<\/li>\n<li><strong>Profile Shine<\/strong>: Elevate your profile from basic to exceptional, ensuring you&#8217;re not just seen but remembered.<\/li>\n<li><strong>Recruiter Insights<\/strong>: Gain an insider&#8217;s perspective on what recruiters look for and how to make your profile irresistible to them.<\/li>\n<li><strong>Skill Showcase<\/strong>: Maximize the &#8216;Skills&#8217; section, understanding its critical role in recruiter searches and how to optimize your listing for visibility.<\/li>\n<\/ul>\n<p><strong>Why Choose KDB Coaching for LinkedIn Mastery?<\/strong><\/p>\n<p>With KDB Coaching, you&#8217;re not just receiving training; you&#8217;re unlocking a strategic approach to LinkedIn that positions you at the top of candidate lists. Our focus on understanding LinkedIn from a recruiter&#8217;s viewpoint ensures your profile not only attracts attention but also engages and convinces hiring managers of your expertise.<\/p>\n<p>Don&#8217;t let your LinkedIn profile be an afterthought. In today&#8217;s competitive job market, it&#8217;s your digital handshake, your first impression, and your personal billboard all rolled into one. Let KDB Coaching help you transform your LinkedIn presence into a powerful tool that opens doors to opportunities and propels your career forward.<\/p>\n<p><strong>Ready to Lead Recruiters to You?<\/strong><\/p>\n<p>Discover how our LinkedIn Training and Profile Development solutions can turn your LinkedIn profile into a recruiter magnet. Whether it&#8217;s training and DIY or personalized concierge coaching you seek, we&#8217;re here to ensure your online presence is as impactful as your real-world capabilities. Contact KDB Coaching today to begin your journey to LinkedIn mastery.<\/p>\t\t\t\t\t\t<\/div>\n\t\t\t\t<\/div>\n\t\t\t\t\t<\/div>\n\t\t<\/div>\n\t\t\t\t\t<\/div>\n\t\t<\/section>\n\t\t\t\t<section class=\"elementor-section elementor-top-section elementor-element elementor-element-c37f32d elementor-section-boxed elementor-section-height-default elementor-section-height-default\" data-id=\"c37f32d\" data-element_type=\"section\">\n\t\t\t\t\t\t<div class=\"elementor-container elementor-column-gap-default\">\n\t\t\t\t\t<div class=\"elementor-column elementor-col-100 elementor-top-column elementor-element elementor-element-6eaeeaa\" data-id=\"6eaeeaa\" data-element_type=\"column\">\n\t\t\t<div class=\"elementor-widget-wrap elementor-element-populated\">\n\t\t\t\t\t\t<div class=\"elementor-element elementor-element-87597d9 elementor-align-center elementor-widget elementor-widget-button\" data-id=\"87597d9\" data-element_type=\"widget\" data-widget_type=\"button.default\">\n\t\t\t\t<div class=\"elementor-widget-container\">\n\t\t\t\t\t<div class=\"elementor-button-wrapper\">\n\t\t\t<a class=\"elementor-button elementor-button-link elementor-size-sm\" href=\"\">\n\t\t\t\t\t\t<span class=\"elementor-button-content-wrapper\">\n\t\t\t\t\t\t\t\t\t<span class=\"elementor-button-text\">Learn More About LinkedIn Solutions<\/span>\n\t\t\t\t\t<\/span>\n\t\t\t\t\t<\/a>\n\t\t<\/div>\n\t\t\t\t<\/div>\n\t\t\t\t<\/div>\n\t\t\t\t\t<\/div>\n\t\t<\/div>\n\t\t\t\t\t<\/div>\n\t\t<\/section>\n\t\t\t\t<section class=\"elementor-section elementor-top-section elementor-element elementor-element-20b2d10 elementor-section-boxed elementor-section-height-default elementor-section-height-default\" data-id=\"20b2d10\" data-element_type=\"section\">\n\t\t\t\t\t\t<div class=\"elementor-container elementor-column-gap-default\">\n\t\t\t\t\t<div class=\"elementor-column elementor-col-100 elementor-top-column elementor-element elementor-element-429a691\" data-id=\"429a691\" data-element_type=\"column\">\n\t\t\t<div class=\"elementor-widget-wrap elementor-element-populated\">\n\t\t\t\t\t\t<div class=\"elementor-element elementor-element-10f37bc elementor-widget-divider--view-line elementor-widget elementor-widget-divider\" data-id=\"10f37bc\" data-element_type=\"widget\" data-widget_type=\"divider.default\">\n\t\t\t\t<div class=\"elementor-widget-container\">\n\t\t\t<style>\/*! elementor - v3.21.0 - 26-05-2024 *\/\n.elementor-widget-divider{--divider-border-style:none;--divider-border-width:1px;--divider-color:#0c0d0e;--divider-icon-size:20px;--divider-element-spacing:10px;--divider-pattern-height:24px;--divider-pattern-size:20px;--divider-pattern-url:none;--divider-pattern-repeat:repeat-x}.elementor-widget-divider .elementor-divider{display:flex}.elementor-widget-divider .elementor-divider__text{font-size:15px;line-height:1;max-width:95%}.elementor-widget-divider .elementor-divider__element{margin:0 var(--divider-element-spacing);flex-shrink:0}.elementor-widget-divider .elementor-icon{font-size:var(--divider-icon-size)}.elementor-widget-divider .elementor-divider-separator{display:flex;margin:0;direction:ltr}.elementor-widget-divider--view-line_icon .elementor-divider-separator,.elementor-widget-divider--view-line_text .elementor-divider-separator{align-items:center}.elementor-widget-divider--view-line_icon .elementor-divider-separator:after,.elementor-widget-divider--view-line_icon .elementor-divider-separator:before,.elementor-widget-divider--view-line_text .elementor-divider-separator:after,.elementor-widget-divider--view-line_text .elementor-divider-separator:before{display:block;content:\"\";border-block-end:0;flex-grow:1;border-block-start:var(--divider-border-width) var(--divider-border-style) var(--divider-color)}.elementor-widget-divider--element-align-left .elementor-divider .elementor-divider-separator>.elementor-divider__svg:first-of-type{flex-grow:0;flex-shrink:100}.elementor-widget-divider--element-align-left .elementor-divider-separator:before{content:none}.elementor-widget-divider--element-align-left .elementor-divider__element{margin-left:0}.elementor-widget-divider--element-align-right .elementor-divider .elementor-divider-separator>.elementor-divider__svg:last-of-type{flex-grow:0;flex-shrink:100}.elementor-widget-divider--element-align-right .elementor-divider-separator:after{content:none}.elementor-widget-divider--element-align-right .elementor-divider__element{margin-right:0}.elementor-widget-divider--element-align-start .elementor-divider .elementor-divider-separator>.elementor-divider__svg:first-of-type{flex-grow:0;flex-shrink:100}.elementor-widget-divider--element-align-start .elementor-divider-separator:before{content:none}.elementor-widget-divider--element-align-start .elementor-divider__element{margin-inline-start:0}.elementor-widget-divider--element-align-end .elementor-divider .elementor-divider-separator>.elementor-divider__svg:last-of-type{flex-grow:0;flex-shrink:100}.elementor-widget-divider--element-align-end .elementor-divider-separator:after{content:none}.elementor-widget-divider--element-align-end .elementor-divider__element{margin-inline-end:0}.elementor-widget-divider:not(.elementor-widget-divider--view-line_text):not(.elementor-widget-divider--view-line_icon) .elementor-divider-separator{border-block-start:var(--divider-border-width) var(--divider-border-style) var(--divider-color)}.elementor-widget-divider--separator-type-pattern{--divider-border-style:none}.elementor-widget-divider--separator-type-pattern.elementor-widget-divider--view-line .elementor-divider-separator,.elementor-widget-divider--separator-type-pattern:not(.elementor-widget-divider--view-line) .elementor-divider-separator:after,.elementor-widget-divider--separator-type-pattern:not(.elementor-widget-divider--view-line) .elementor-divider-separator:before,.elementor-widget-divider--separator-type-pattern:not([class*=elementor-widget-divider--view]) .elementor-divider-separator{width:100%;min-height:var(--divider-pattern-height);-webkit-mask-size:var(--divider-pattern-size) 100%;mask-size:var(--divider-pattern-size) 100%;-webkit-mask-repeat:var(--divider-pattern-repeat);mask-repeat:var(--divider-pattern-repeat);background-color:var(--divider-color);-webkit-mask-image:var(--divider-pattern-url);mask-image:var(--divider-pattern-url)}.elementor-widget-divider--no-spacing{--divider-pattern-size:auto}.elementor-widget-divider--bg-round{--divider-pattern-repeat:round}.rtl .elementor-widget-divider .elementor-divider__text{direction:rtl}.e-con-inner>.elementor-widget-divider,.e-con>.elementor-widget-divider{width:var(--container-widget-width,100%);--flex-grow:var(--container-widget-flex-grow)}<\/style>\t\t<div class=\"elementor-divider\">\n\t\t\t<span class=\"elementor-divider-separator\">\n\t\t\t\t\t\t<\/span>\n\t\t<\/div>\n\t\t\t\t<\/div>\n\t\t\t\t<\/div>\n\t\t\t\t\t<\/div>\n\t\t<\/div>\n\t\t\t\t\t<\/div>\n\t\t<\/section>\n\t\t\t\t<section class=\"elementor-section elementor-top-section elementor-element elementor-element-456a1fe elementor-section-boxed elementor-section-height-default elementor-section-height-default\" data-id=\"456a1fe\" data-element_type=\"section\" data-settings=\"{&quot;background_background&quot;:&quot;classic&quot;}\">\n\t\t\t\t\t\t<div class=\"elementor-container elementor-column-gap-default\">\n\t\t\t\t\t<div class=\"elementor-column elementor-col-100 elementor-top-column elementor-element elementor-element-0613206\" data-id=\"0613206\" data-element_type=\"column\">\n\t\t\t<div class=\"elementor-widget-wrap elementor-element-populated\">\n\t\t\t\t\t\t<div class=\"elementor-element elementor-element-e9541b4 elementor-widget elementor-widget-text-editor\" data-id=\"e9541b4\" data-element_type=\"widget\" data-widget_type=\"text-editor.default\">\n\t\t\t\t<div class=\"elementor-widget-container\">\n\t\t\t\t\t\t\t<h3 class=\"wp-block-image alignleft size-medium is-resized is-style-rounded\" style=\"text-align: center;\"><em><strong><span style=\"font-size: 16px;\">\u00a0 \u00a0 \u00a0 \u00a0 \u00a0 \u00a0 \u00a0 \u00a0 \u00a0 \u00a0Kris Drobocky Baitoo is a Certified Digital Career Strategist and has been working with LinkedIn technology since its inception.<\/span><\/strong><\/em><\/h3>\n<p><strong><!-- \/wp:paragraph --><!-- wp:image {\"align\":\"center\",\"id\":1468,\"sizeSlug\":\"large\",\"linkDestination\":\"media\"} --><\/strong><\/p>\n<figure class=\"wp-block-image aligncenter size-large\"><a href=\"https:\/\/kdbcoaching.com\/stageing\/wp-content\/uploads\/2021\/01\/cdcs-logo-e1610145734975.jpg\"><img fetchpriority=\"high\" decoding=\"async\" width=\"300\" height=\"183\" class=\"wp-image-1468\" src=\"https:\/\/kdbcoaching.com\/stageing\/wp-content\/uploads\/2021\/01\/cdcs-logo-e1610145734975.jpg\" alt=\"LinkedIn training, certified digital career strategist\" \/><\/a><\/figure>\t\t\t\t\t\t<\/div>\n\t\t\t\t<\/div>\n\t\t\t\t\t<\/div>\n\t\t<\/div>\n\t\t\t\t\t<\/div>\n\t\t<\/section>\n\t\t\t\t<section class=\"elementor-section elementor-top-section elementor-element elementor-element-ecc4e49 elementor-section-boxed elementor-section-height-default elementor-section-height-default\" data-id=\"ecc4e49\" data-element_type=\"section\">\n\t\t\t\t\t\t<div class=\"elementor-container elementor-column-gap-default\">\n\t\t\t\t\t<div class=\"elementor-column elementor-col-100 elementor-top-column elementor-element elementor-element-c94dc66\" data-id=\"c94dc66\" data-element_type=\"column\">\n\t\t\t<div class=\"elementor-widget-wrap elementor-element-populated\">\n\t\t\t\t\t\t<div class=\"elementor-element elementor-element-79deebf elementor-widget-divider--view-line elementor-widget elementor-widget-divider\" data-id=\"79deebf\" data-element_type=\"widget\" data-widget_type=\"divider.default\">\n\t\t\t\t<div class=\"elementor-widget-container\">\n\t\t\t\t\t<div class=\"elementor-divider\">\n\t\t\t<span class=\"elementor-divider-separator\">\n\t\t\t\t\t\t<\/span>\n\t\t<\/div>\n\t\t\t\t<\/div>\n\t\t\t\t<\/div>\n\t\t\t\t\t<\/div>\n\t\t<\/div>\n\t\t\t\t\t<\/div>\n\t\t<\/section>\n\t\t\t\t<section class=\"elementor-section elementor-top-section elementor-element elementor-element-265ca276 elementor-section-boxed elementor-section-height-default elementor-section-height-default\" data-id=\"265ca276\" data-element_type=\"section\">\n\t\t\t\t\t\t<div class=\"elementor-container elementor-column-gap-default\">\n\t\t\t\t\t<div class=\"elementor-column elementor-col-100 elementor-top-column elementor-element elementor-element-4d676a03\" data-id=\"4d676a03\" data-element_type=\"column\">\n\t\t\t<div class=\"elementor-widget-wrap elementor-element-populated\">\n\t\t\t\t\t\t<div class=\"elementor-element elementor-element-7ed64b46 elementor-widget elementor-widget-text-editor\" data-id=\"7ed64b46\" data-element_type=\"widget\" data-widget_type=\"text-editor.default\">\n\t\t\t\t<div class=\"elementor-widget-container\">\n\t\t\t\t\t\t\t<!-- wp:image {\"align\":\"left\",\"id\":1492,\"width\":221,\"height\":221,\"sizeSlug\":\"medium\",\"linkDestination\":\"media\",\"className\":\"is-style-rounded\"} -->\n<p><strong><!-- \/wp:paragraph --><!-- wp:image {\"align\":\"center\",\"id\":1468,\"sizeSlug\":\"large\",\"linkDestination\":\"media\"} --><\/strong><\/p>\n<!-- \/wp:buttons --><!-- wp:spacer --><!-- \/wp:spacer --><!-- wp:heading {\"textAlign\":\"center\",\"style\":{\"typography\":{\"fontSize\":\"34px\"}}} -->\n<h2 id=\"what-clients-are-saying\" class=\"wp-block-heading has-text-align-center\" style=\"font-size: 34px;\">What Clients are Saying<\/h2>\n<!-- \/wp:heading --><!-- wp:spacer {\"height\":\"10px\"} -->\n<div class=\"wp-block-spacer\" style=\"height: 10px;\" aria-hidden=\"true\">\u00a0<\/div>\n<!-- \/wp:spacer --><!-- wp:quote -->\n<blockquote class=\"wp-block-quote\"><!-- wp:paragraph -->\n<p><strong>&#8220;With both my LinkedIn profile and r\u00e9sum\u00e9 updated, I feel much more confident searching for jobs.&#8221;<\/strong><\/p>\n<!-- \/wp:paragraph --><!-- wp:paragraph -->\n<p>After the success of a well-written r\u00e9sum\u00e9, I had Kris take a go on my LinkedIn profile. It was sparse, poorly written, and I felt it didn&#8217;t represent me. She didn&#8217;t just rewrite my r\u00e9sum\u00e9, she tailored it for social media. With both my LinkedIn profile and r\u00e9sum\u00e9 updated, I feel much more confident searching for jobs. To summarize Kris: professional, honest, great business ethics, great writer!<\/p>\n<!-- \/wp:paragraph --><cite>Michael G., Yelp Review<\/cite><\/blockquote>\n<!-- \/wp:quote --><!-- wp:buttons {\"layout\":{\"type\":\"flex\",\"justifyContent\":\"center\",\"orientation\":\"horizontal\"}} -->\n<div class=\"wp-block-buttons\"><!-- wp:button -->\n<div class=\"wp-block-button\"><a class=\"wp-block-button__link wp-element-button\" href=\"\/about-kdb-coaching\/#reviews\">See More Reviews<\/a><\/div>\n<!-- \/wp:button --><!-- wp:button -->\n<div class=\"wp-block-button\"><a class=\"wp-block-button__link wp-element-button\" href=\"https:\/\/calendly.com\/kdbcoaching\/new-client-consultation?month=2022-01\" target=\"_blank\" rel=\"noreferrer noopener\">Schedule a Consultation<\/a><\/div>\n<!-- \/wp:button --><\/div>\n<!-- \/wp:buttons -->\t\t\t\t\t\t<\/div>\n\t\t\t\t<\/div>\n\t\t\t\t\t<\/div>\n\t\t<\/div>\n\t\t\t\t\t<\/div>\n\t\t<\/section>\n\t\t\t\t<\/div>\n\t\t","protected":false},"excerpt":{"rendered":"<p>LinkedIn Mastery with KDB Coaching andKris Drobocky Baitoo, CDCS In a digital age where your online presence is as crucial as your real-world experience, LinkedIn stands out as the premier professional network. With over 200 million users in the United States and 5+ million job opportunities at your fingertips, the question isn&#8217;t if you should [&hellip;]<\/p>\n","protected":false},"author":1,"featured_media":0,"parent":0,"menu_order":0,"comment_status":"closed","ping_status":"closed","template":"","meta":{"_exactmetrics_skip_tracking":false,"_exactmetrics_sitenote_active":false,"_exactmetrics_sitenote_note":"","_exactmetrics_sitenote_category":0,"site-sidebar-layout":"default","site-content-layout":"default","ast-site-content-layout":"default","site-content-style":"default","site-sidebar-style":"default","ast-global-header-display":"","ast-banner-title-visibility":"","ast-main-header-display":"","ast-hfb-above-header-display":"","ast-hfb-below-header-display":"","ast-hfb-mobile-header-display":"","site-post-title":"disabled","ast-breadcrumbs-content":"","ast-featured-img":"","footer-sml-layout":"","theme-transparent-header-meta":"default","adv-header-id-meta":"","stick-header-meta":"default","header-above-stick-meta":"","header-main-stick-meta":"","header-below-stick-meta":"","astra-migrate-meta-layouts":"set","ast-page-background-enabled":"default","ast-page-background-meta":{"desktop":{"background-color":"","background-image":"","background-repeat":"repeat","background-position":"center center","background-size":"auto","background-attachment":"scroll","background-type":"","background-media":"","overlay-type":"","overlay-color":"","overlay-gradient":""},"tablet":{"background-color":"","background-image":"","background-repeat":"repeat","background-position":"center center","background-size":"auto","background-attachment":"scroll","background-type":"","background-media":"","overlay-type":"","overlay-color":"","overlay-gradient":""},"mobile":{"background-color":"","background-image":"","background-repeat":"repeat","background-position":"center center","background-size":"auto","background-attachment":"scroll","background-type":"","background-media":"","overlay-type":"","overlay-color":"","overlay-gradient":""}},"ast-content-background-meta":{"desktop":{"background-color":"var(--ast-global-color-5)","background-image":"","background-repeat":"repeat","background-position":"center center","background-size":"auto","background-attachment":"scroll","background-type":"","background-media":"","overlay-type":"","overlay-color":"","overlay-gradient":""},"tablet":{"background-color":"var(--ast-global-color-5)","background-image":"","background-repeat":"repeat","background-position":"center center","background-size":"auto","background-attachment":"scroll","background-type":"","background-media":"","overlay-type":"","overlay-color":"","overlay-gradient":""},"mobile":{"background-color":"var(--ast-global-color-5)","background-image":"","background-repeat":"repeat","background-position":"center center","background-size":"auto","background-attachment":"scroll","background-type":"","background-media":"","overlay-type":"","overlay-color":"","overlay-gradient":""}},"footnotes":""},"yst_prominent_words":[16,25,14],"_links":{"self":[{"href":"https:\/\/kdbcoaching.com\/stageing\/wp-json\/wp\/v2\/pages\/3729"}],"collection":[{"href":"https:\/\/kdbcoaching.com\/stageing\/wp-json\/wp\/v2\/pages"}],"about":[{"href":"https:\/\/kdbcoaching.com\/stageing\/wp-json\/wp\/v2\/types\/page"}],"author":[{"embeddable":true,"href":"https:\/\/kdbcoaching.com\/stageing\/wp-json\/wp\/v2\/users\/1"}],"replies":[{"embeddable":true,"href":"https:\/\/kdbcoaching.com\/stageing\/wp-json\/wp\/v2\/comments?post=3729"}],"version-history":[{"count":12,"href":"https:\/\/kdbcoaching.com\/stageing\/wp-json\/wp\/v2\/pages\/3729\/revisions"}],"predecessor-version":[{"id":3807,"href":"https:\/\/kdbcoaching.com\/stageing\/wp-json\/wp\/v2\/pages\/3729\/revisions\/3807"}],"wp:attachment":[{"href":"https:\/\/kdbcoaching.com\/stageing\/wp-json\/wp\/v2\/media?parent=3729"}],"wp:term":[{"taxonomy":"yst_prominent_words","embeddable":true,"href":"https:\/\/kdbcoaching.com\/stageing\/wp-json\/wp\/v2\/yst_prominent_words?post=3729"}],"curies":[{"name":"wp","href":"https:\/\/api.w.org\/{rel}","templated":true}]}}