{"id":1488,"date":"2021-01-13T22:47:41","date_gmt":"2021-01-13T22:47:41","guid":{"rendered":"https:\/\/kdbcoaching.com\/stageing\/?page_id=1488"},"modified":"2024-02-15T18:33:08","modified_gmt":"2024-02-15T18:33:08","slug":"linkedin-training-linkedin-profile-development","status":"publish","type":"page","link":"https:\/\/kdbcoaching.com\/stageing\/linkedin-training-linkedin-profile-development\/","title":{"rendered":"LinkedIn-old"},"content":{"rendered":"\n<figure class=\"wp-block-image alignleft size-medium is-resized is-style-rounded\"><a href=\"https:\/\/kdbcoaching.com\/stageing\/wp-content\/uploads\/2021\/01\/LinkedIn-Page-Photo.png\"><img decoding=\"async\" src=\"https:\/\/kdbcoaching.com\/stageing\/wp-content\/uploads\/2021\/01\/LinkedIn-Page-Photo-300x300.png\" alt=\"linkedin profile development, linkedin training, kdb coaching, certified digital career strategist\" class=\"wp-image-1492\" width=\"221\" height=\"221\" srcset=\"https:\/\/kdbcoaching.com\/stageing\/wp-content\/uploads\/2021\/01\/LinkedIn-Page-Photo-300x300.png 300w, https:\/\/kdbcoaching.com\/stageing\/wp-content\/uploads\/2021\/01\/LinkedIn-Page-Photo-150x150.png 150w, https:\/\/kdbcoaching.com\/stageing\/wp-content\/uploads\/2021\/01\/LinkedIn-Page-Photo-100x100.png 100w, https:\/\/kdbcoaching.com\/stageing\/wp-content\/uploads\/2021\/01\/LinkedIn-Page-Photo.png 400w\" sizes=\"(max-width: 221px) 100vw, 221px\" \/><\/a><\/figure>\n\n\n\n<p><\/p>\n\n\n\n<p>In the United States, about 176 million people are on LinkedIn. At any time, you can find 5 million open jobs posted on LinkedIn in the United States. But those two statistics pale compared to the 87% of recruiters who actively use LinkedIn every day.  Do you know if a recruiter can find you? Does your LinkedIn profile stand out? Are you leading them to your competition? Unsure? Then consider our LinkedIn training.<\/p>\n\n\n\n<p>KDB Coaching offers a LinkedIn Training and Profile Development course to teach you how to use LinkedIn. In short, it teaches you to understand what matters most to recruiters.  First, a well-written profile ensures recruiters can find your profile. Second, LinkedIn is not just an online r\u00e9sum\u00e9.  At its best, it is a digital career portfolio and the number one way you can lead recruiters to you.<\/p>\n\n\n\n<p><\/p>\n\n\n\n<h3 class=\"wp-block-heading\" id=\"linkedin-profile-development-training\"><strong>LinkedIn Profile Development &amp; Training<\/strong><\/h3>\n\n\n\n<p>KDB Coaching makes it easy to learn how to navigate LinkedIn and make your profile shine. Whether you take our DIY LinkedIn course or sign up to work with Kris directly for one on one coaching, we can help you with your career social marketing.  We offer both LinkedIn training and LinkedIn profile writing services.  Whatever your situation, we have a LinkedIn training that works for you on your time.<\/p>\n\n\n\n<p>Although the training covers technical topics, above all it teaches our clients to understand LinkedIn from the perspective of recruiters.  Each profile field in LinkedIn matters to a recruiter.  For example, the skills section lists 50 opportunities for a recruiter to find candidates with the skills they want.  Morover, the recruiter tools lists candidates by highest skills match. If you aren&#8217;t using that section effectively, your profile shows at the bottom of the list. <\/p>\n\n\n\n<p class=\"has-text-align-center\"><strong><em>If you don&#8217;t know what they are looking for, your profile is not going to attract and engage hiring managers who want to find subject matter experts.<\/em><\/strong><\/p>\n\n\n\n<div style=\"height:20px\" aria-hidden=\"true\" class=\"wp-block-spacer\"><\/div>\n\n\n\n<div class=\"wp-block-buttons is-horizontal is-content-justification-center is-layout-flex wp-container-core-buttons-is-layout-1 wp-block-buttons-is-layout-flex\">\n<div class=\"wp-block-button\"><a class=\"wp-block-button__link wp-element-button\" href=\"https:\/\/calendly.com\/kdbcoaching\/new-client-consultation?month=2022-01\" target=\"_blank\" rel=\"noreferrer noopener\">Schedule a Consultation<\/a><\/div>\n<\/div>\n\n\n\n<div style=\"height:80px\" aria-hidden=\"true\" class=\"wp-block-spacer\"><\/div>\n\n\n\n<div class=\"wp-block-columns promo-section has-ast-global-color-8-color has-ast-global-color-4-background-color has-text-color has-background is-layout-flex wp-container-core-columns-is-layout-1 wp-block-columns-is-layout-flex\">\n<div class=\"wp-block-column is-layout-flow wp-block-column-is-layout-flow\" style=\"flex-basis:33.33%\">\n<figure class=\"wp-block-image size-full\"><a href=\"https:\/\/kdbcoaching.com\/stageing\/wp-content\/uploads\/2022\/01\/LinkedIn-Challenge.png\"><img fetchpriority=\"high\" decoding=\"async\" width=\"940\" height=\"788\" src=\"https:\/\/kdbcoaching.com\/stageing\/wp-content\/uploads\/2022\/01\/LinkedIn-Challenge.png\" alt=\"\" class=\"wp-image-1958\" srcset=\"https:\/\/kdbcoaching.com\/stageing\/wp-content\/uploads\/2022\/01\/LinkedIn-Challenge.png 940w, https:\/\/kdbcoaching.com\/stageing\/wp-content\/uploads\/2022\/01\/LinkedIn-Challenge-300x251.png 300w, https:\/\/kdbcoaching.com\/stageing\/wp-content\/uploads\/2022\/01\/LinkedIn-Challenge-768x644.png 768w\" sizes=\"(max-width: 940px) 100vw, 940px\" \/><\/a><\/figure>\n<\/div>\n\n\n\n<div class=\"wp-block-column has-ast-global-color-4-background-color has-background is-layout-flow wp-block-column-is-layout-flow\" style=\"flex-basis:66.66%\">\n<h3 class=\"wp-block-heading\" id=\"free-linkedin-30-day-challenge\">LinkedIn 30-Day Challenge<\/h3>\n\n\n\n<p>In less than 5 minutes a day, quickly revise and update your LinkedIn profile by accessing this 30-day challenge. <meta charset=\"utf-8\"><\/meta>If you need more help beyond the challenge, <a rel=\"noreferrer noopener\" href=\"https:\/\/calendly.com\/kdbcoaching\/new-client-consultation\" data-type=\"page\" target=\"_blank\">contact Kris Drobocky Baitoo<\/a> for in-depth LinkedIn training solutions. <\/p>\n\n\n\n<h4 class=\"wp-block-heading\" id=\"challenge-highlights\"><strong>Challenge highlights:<\/strong><\/h4>\n\n\n\n<ul>\n<li><meta charset=\"utf-8\">Profile SEO optimization<\/li>\n\n\n\n<li>Profile picture &amp; cover photo image strategy<\/li>\n\n\n\n<li>Writing &#8216;About&#8217; sections that get noticed<\/li>\n\n\n\n<li>Understanding how recruiters search for candidates<\/li>\n\n\n\n<li>Leveraging job search functionality<\/li>\n\n\n\n<li>Privacy &amp; public visibility<\/li>\n\n\n\n<li>LinkedIn vs. r\u00e9sum\u00e9s<\/li>\n\n\n\n<li>Searching for jobs<\/li>\n\n\n\n<li>Submitting LinkedIn job applications<\/li>\n<\/ul>\n\n\n\n<div class=\"wp-block-buttons is-layout-flex wp-block-buttons-is-layout-flex\">\n<div class=\"wp-block-button\"><a class=\"wp-block-button__link wp-element-button\" href=\"https:\/\/courses.kdbcoaching.com\/linkedin-30-day-challenge\" target=\"_blank\" rel=\"noreferrer noopener\">Access the Challenge Now<\/a><\/div>\n<\/div>\n<\/div>\n<\/div>\n\n\n\n<div style=\"height:50px\" aria-hidden=\"true\" class=\"wp-block-spacer\"><\/div>\n\n\n\n<p>Kris Drobocky Baitoo is a Certified Digital Career Strategist and has been working with LinkedIn technology since its inception. You can <a rel=\"noreferrer noopener\" href=\"https:\/\/www.linkedin.com\/in\/kristinadrobocky\/\" target=\"_blank\">connect with Kris on LinkedIn here.<\/a><\/p>\n\n\n\n<figure class=\"wp-block-image aligncenter size-large\"><a href=\"https:\/\/kdbcoaching.com\/stageing\/wp-content\/uploads\/2021\/01\/cdcs-logo-e1610145734975.jpg\"><img decoding=\"async\" width=\"300\" height=\"183\" src=\"https:\/\/kdbcoaching.com\/stageing\/wp-content\/uploads\/2021\/01\/cdcs-logo-e1610145734975.jpg\" alt=\"LinkedIn training, certified digital career strategist\" class=\"wp-image-1468\"\/><\/a><\/figure>\n\n\n\n<div class=\"wp-block-buttons is-horizontal is-content-justification-center is-layout-flex wp-container-core-buttons-is-layout-3 wp-block-buttons-is-layout-flex\">\n<div class=\"wp-block-button\"><a class=\"wp-block-button__link wp-element-button\" href=\"https:\/\/calendly.com\/kdbcoaching\/new-client-consultation\" target=\"_blank\" rel=\"noreferrer noopener\">Schedule a Consultation<\/a><\/div>\n<\/div>\n\n\n\n<div style=\"height:100px\" aria-hidden=\"true\" class=\"wp-block-spacer\"><\/div>\n\n\n\n<h2 class=\"wp-block-heading has-text-align-center\" id=\"what-clients-are-saying\" style=\"font-size:34px\">What Clients are Saying<\/h2>\n\n\n\n<div style=\"height:10px\" aria-hidden=\"true\" class=\"wp-block-spacer\"><\/div>\n\n\n\n<blockquote class=\"wp-block-quote is-layout-flow wp-block-quote-is-layout-flow\">\n<p><strong>&#8220;With both my LinkedIn profile and r\u00e9sum\u00e9 updated, I feel much more confident searching for jobs.&#8221;<\/strong><\/p>\n\n\n\n<p>After the success of a well-written r\u00e9sum\u00e9, I had Kris take a go on my LinkedIn profile. It was sparse, poorly written, and I felt it didn&#8217;t represent me. She didn&#8217;t just rewrite my r\u00e9sum\u00e9, she tailored it for social media. With both my LinkedIn profile and r\u00e9sum\u00e9 updated, I feel much more confident searching for jobs. To summarize Kris: professional, honest, great business ethics, great writer!<\/p>\n<cite>Michael G., Yelp Review<\/cite><\/blockquote>\n\n\n\n<div class=\"wp-block-buttons is-horizontal is-content-justification-center is-layout-flex wp-container-core-buttons-is-layout-4 wp-block-buttons-is-layout-flex\">\n<div class=\"wp-block-button\"><a class=\"wp-block-button__link wp-element-button\" href=\"\/about-kdb-coaching\/#reviews\">See More Reviews<\/a><\/div>\n\n\n\n<div class=\"wp-block-button\"><a class=\"wp-block-button__link wp-element-button\" href=\"https:\/\/calendly.com\/kdbcoaching\/new-client-consultation?month=2022-01\" target=\"_blank\" rel=\"noreferrer noopener\">Schedule a Consultation<\/a><\/div>\n<\/div>\n","protected":false},"excerpt":{"rendered":"<p>In the United States, about 176 million people are on LinkedIn. At any time, you can find 5 million open jobs posted on LinkedIn in the United States. But those two statistics pale compared to the 87% of recruiters who actively use LinkedIn every day. Do you know if a recruiter can find you? Does [&hellip;]<\/p>\n","protected":false},"author":1,"featured_media":0,"parent":0,"menu_order":0,"comment_status":"closed","ping_status":"closed","template":"","meta":{"_exactmetrics_skip_tracking":false,"_exactmetrics_sitenote_active":false,"_exactmetrics_sitenote_note":"","_exactmetrics_sitenote_category":0,"site-sidebar-layout":"default","site-content-layout":"default","ast-site-content-layout":"","site-content-style":"default","site-sidebar-style":"default","ast-global-header-display":"","ast-banner-title-visibility":"","ast-main-header-display":"","ast-hfb-above-header-display":"","ast-hfb-below-header-display":"","ast-hfb-mobile-header-display":"","site-post-title":"","ast-breadcrumbs-content":"","ast-featured-img":"","footer-sml-layout":"","theme-transparent-header-meta":"default","adv-header-id-meta":"","stick-header-meta":"default","header-above-stick-meta":"","header-main-stick-meta":"","header-below-stick-meta":"","astra-migrate-meta-layouts":"default","ast-page-background-enabled":"default","ast-page-background-meta":{"desktop":{"background-color":"","background-image":"","background-repeat":"repeat","background-position":"center center","background-size":"auto","background-attachment":"scroll","background-type":"","background-media":"","overlay-type":"","overlay-color":"","overlay-gradient":""},"tablet":{"background-color":"","background-image":"","background-repeat":"repeat","background-position":"center center","background-size":"auto","background-attachment":"scroll","background-type":"","background-media":"","overlay-type":"","overlay-color":"","overlay-gradient":""},"mobile":{"background-color":"","background-image":"","background-repeat":"repeat","background-position":"center center","background-size":"auto","background-attachment":"scroll","background-type":"","background-media":"","overlay-type":"","overlay-color":"","overlay-gradient":""}},"ast-content-background-meta":{"desktop":{"background-color":"var(--ast-global-color-5)","background-image":"","background-repeat":"repeat","background-position":"center center","background-size":"auto","background-attachment":"scroll","background-type":"","background-media":"","overlay-type":"","overlay-color":"","overlay-gradient":""},"tablet":{"background-color":"var(--ast-global-color-5)","background-image":"","background-repeat":"repeat","background-position":"center center","background-size":"auto","background-attachment":"scroll","background-type":"","background-media":"","overlay-type":"","overlay-color":"","overlay-gradient":""},"mobile":{"background-color":"var(--ast-global-color-5)","background-image":"","background-repeat":"repeat","background-position":"center center","background-size":"auto","background-attachment":"scroll","background-type":"","background-media":"","overlay-type":"","overlay-color":"","overlay-gradient":""}},"footnotes":""},"yst_prominent_words":[18,16,25,14],"_links":{"self":[{"href":"https:\/\/kdbcoaching.com\/stageing\/wp-json\/wp\/v2\/pages\/1488"}],"collection":[{"href":"https:\/\/kdbcoaching.com\/stageing\/wp-json\/wp\/v2\/pages"}],"about":[{"href":"https:\/\/kdbcoaching.com\/stageing\/wp-json\/wp\/v2\/types\/page"}],"author":[{"embeddable":true,"href":"https:\/\/kdbcoaching.com\/stageing\/wp-json\/wp\/v2\/users\/1"}],"replies":[{"embeddable":true,"href":"https:\/\/kdbcoaching.com\/stageing\/wp-json\/wp\/v2\/comments?post=1488"}],"version-history":[{"count":23,"href":"https:\/\/kdbcoaching.com\/stageing\/wp-json\/wp\/v2\/pages\/1488\/revisions"}],"predecessor-version":[{"id":3728,"href":"https:\/\/kdbcoaching.com\/stageing\/wp-json\/wp\/v2\/pages\/1488\/revisions\/3728"}],"wp:attachment":[{"href":"https:\/\/kdbcoaching.com\/stageing\/wp-json\/wp\/v2\/media?parent=1488"}],"wp:term":[{"taxonomy":"yst_prominent_words","embeddable":true,"href":"https:\/\/kdbcoaching.com\/stageing\/wp-json\/wp\/v2\/yst_prominent_words?post=1488"}],"curies":[{"name":"wp","href":"https:\/\/api.w.org\/{rel}","templated":true}]}}